{"id":2,"date":"2022-01-19T10:40:50","date_gmt":"2022-01-19T09:40:50","guid":{"rendered":"https:\/\/hotelsablebleu.com\/?page_id=2"},"modified":"2026-03-11T16:18:22","modified_gmt":"2026-03-11T15:18:22","slug":"boutique-hotel-4-etoiles-martinique","status":"publish","type":"page","link":"https:\/\/appartementsvinuales.com\/fr\/","title":{"rendered":"Accueil"},"content":{"rendered":"","protected":false},"excerpt":{"rendered":"","protected":false},"author":1,"featured_media":0,"parent":0,"menu_order":1,"comment_status":"closed","ping_status":"closed","template":"","meta":{"_seopress_robots_primary_cat":"","_seopress_titles_title":"~ Appartements Vinuales | Appartements \u00e0 Lourdes pour les Vacances","_seopress_titles_desc":"Site Officiel \u2705 Meilleur Tarif en Direct : D\u00e9couvrez nos appartements \u00e0 Lourdes pour vos vacances. R\u00e9servez votre s\u00e9jour sur notre site.","_seopress_robots_index":"","inline_featured_image":false,"footnotes":""},"acf":[],"_links":{"self":[{"href":"https:\/\/appartementsvinuales.com\/fr\/wp-json\/wp\/v2\/pages\/2"}],"collection":[{"href":"https:\/\/appartementsvinuales.com\/fr\/wp-json\/wp\/v2\/pages"}],"about":[{"href":"https:\/\/appartementsvinuales.com\/fr\/wp-json\/wp\/v2\/types\/page"}],"author":[{"embeddable":true,"href":"https:\/\/appartementsvinuales.com\/fr\/wp-json\/wp\/v2\/users\/1"}],"replies":[{"embeddable":true,"href":"https:\/\/appartementsvinuales.com\/fr\/wp-json\/wp\/v2\/comments?post=2"}],"version-history":[{"count":59,"href":"https:\/\/appartementsvinuales.com\/fr\/wp-json\/wp\/v2\/pages\/2\/revisions"}],"predecessor-version":[{"id":1203,"href":"https:\/\/appartementsvinuales.com\/fr\/wp-json\/wp\/v2\/pages\/2\/revisions\/1203"}],"wp:attachment":[{"href":"https:\/\/appartementsvinuales.com\/fr\/wp-json\/wp\/v2\/media?parent=2"}],"curies":[{"name":"wp","href":"https:\/\/api.w.org\/{rel}","templated":true}]}}