{"id":585,"date":"2023-02-01T17:02:34","date_gmt":"2023-02-01T16:02:34","guid":{"rendered":"http:\/\/precom2023.diadao.info\/?page_id=585"},"modified":"2024-06-05T11:01:52","modified_gmt":"2024-06-05T09:01:52","slug":"politique-de-confidentialite","status":"publish","type":"page","link":"https:\/\/appartementsvinuales.com\/fr\/politique-de-confidentialite\/","title":{"rendered":"Politique de Confidentialit\u00e9"},"content":{"rendered":"\n<p><br><br><br><br><br><\/p>\n","protected":false},"excerpt":{"rendered":"","protected":false},"author":1,"featured_media":0,"parent":0,"menu_order":3,"comment_status":"closed","ping_status":"closed","template":"","meta":{"_seopress_robots_primary_cat":"","_seopress_titles_title":"~ Politique de Confidentialit\u00e9 | Appartements Vinuales","_seopress_titles_desc":"Site Officiel \u2705 Appartements Vinuales veille \u00e0 la protection des donn\u00e9es personnelles des utilisateurs conform\u00e9ment aux dispositions du RGPD.","_seopress_robots_index":"yes","inline_featured_image":false,"footnotes":""},"acf":[],"_links":{"self":[{"href":"https:\/\/appartementsvinuales.com\/fr\/wp-json\/wp\/v2\/pages\/585"}],"collection":[{"href":"https:\/\/appartementsvinuales.com\/fr\/wp-json\/wp\/v2\/pages"}],"about":[{"href":"https:\/\/appartementsvinuales.com\/fr\/wp-json\/wp\/v2\/types\/page"}],"author":[{"embeddable":true,"href":"https:\/\/appartementsvinuales.com\/fr\/wp-json\/wp\/v2\/users\/1"}],"replies":[{"embeddable":true,"href":"https:\/\/appartementsvinuales.com\/fr\/wp-json\/wp\/v2\/comments?post=585"}],"version-history":[{"count":6,"href":"https:\/\/appartementsvinuales.com\/fr\/wp-json\/wp\/v2\/pages\/585\/revisions"}],"predecessor-version":[{"id":1159,"href":"https:\/\/appartementsvinuales.com\/fr\/wp-json\/wp\/v2\/pages\/585\/revisions\/1159"}],"wp:attachment":[{"href":"https:\/\/appartementsvinuales.com\/fr\/wp-json\/wp\/v2\/media?parent=585"}],"curies":[{"name":"wp","href":"https:\/\/api.w.org\/{rel}","templated":true}]}}