{"id":587,"date":"2023-02-01T17:31:17","date_gmt":"2023-02-01T16:31:17","guid":{"rendered":"http:\/\/precom2023.diadao.info\/?page_id=587"},"modified":"2024-06-04T17:32:52","modified_gmt":"2024-06-04T15:32:52","slug":"formulaire-rgpd","status":"publish","type":"page","link":"https:\/\/appartementsvinuales.com\/fr\/formulaire-rgpd\/","title":{"rendered":"Droits Relatifs \u00e0 la Protection de votre Vie Priv\u00e9e"},"content":{"rendered":"\n<p><\/p>\n\n\n\n<p><\/p>\n","protected":false},"excerpt":{"rendered":"","protected":false},"author":1,"featured_media":0,"parent":0,"menu_order":4,"comment_status":"closed","ping_status":"closed","template":"","meta":{"_seopress_robots_primary_cat":"","_seopress_titles_title":"~ Droits Relatifs \u00e0 la Protection de Votre Vie Priv\u00e9e | Appartements Vinuales","_seopress_titles_desc":"Site Officiel \u2705 Appartements Vinuales veille \u00e0 la protection de vos donn\u00e9es personnelles et met \u00e0 votre disposition un formulaire pour faire exercer vos droits.","_seopress_robots_index":"yes","inline_featured_image":false,"footnotes":""},"acf":[],"_links":{"self":[{"href":"https:\/\/appartementsvinuales.com\/fr\/wp-json\/wp\/v2\/pages\/587"}],"collection":[{"href":"https:\/\/appartementsvinuales.com\/fr\/wp-json\/wp\/v2\/pages"}],"about":[{"href":"https:\/\/appartementsvinuales.com\/fr\/wp-json\/wp\/v2\/types\/page"}],"author":[{"embeddable":true,"href":"https:\/\/appartementsvinuales.com\/fr\/wp-json\/wp\/v2\/users\/1"}],"replies":[{"embeddable":true,"href":"https:\/\/appartementsvinuales.com\/fr\/wp-json\/wp\/v2\/comments?post=587"}],"version-history":[{"count":3,"href":"https:\/\/appartementsvinuales.com\/fr\/wp-json\/wp\/v2\/pages\/587\/revisions"}],"predecessor-version":[{"id":1124,"href":"https:\/\/appartementsvinuales.com\/fr\/wp-json\/wp\/v2\/pages\/587\/revisions\/1124"}],"wp:attachment":[{"href":"https:\/\/appartementsvinuales.com\/fr\/wp-json\/wp\/v2\/media?parent=587"}],"curies":[{"name":"wp","href":"https:\/\/api.w.org\/{rel}","templated":true}]}}